{"id":393,"date":"2024-05-13T14:29:51","date_gmt":"2024-05-13T14:29:51","guid":{"rendered":"https:\/\/amerika-machen.de\/?page_id=393"},"modified":"2024-11-05T09:02:50","modified_gmt":"2024-11-05T09:02:50","slug":"resumen-de-personas-y-lugareser","status":"publish","type":"page","link":"https:\/\/amerika-machen.de\/es\/das-buch\/resumen-de-personas-y-lugareser\/","title":{"rendered":"Resumen de personas y lugareser"},"content":{"rendered":"\n<p><\/p>\n\n\n\n<p><strong><br><\/strong>Visi\u00f3n general de personas y lugares de Claus Tully: Auf dem Weg in die neue Heimat. Liesls Eldorado.2024 (2\u00aa ed.)<\/p>\n\n\n\n<p><strong>O\u015bwi\u0119cim (Auschwitz):<\/strong><br>Lugar donde Betty trabaj\u00f3 en IG Farben durante la guerra, despu\u00e9s de terminar sus estudios en la escuela de comercio<\/p>\n\n\n\n<p><strong>Posadas:<\/strong><br>Capital provincial de Misiones<\/p>\n\n\n\n<p><strong>Corrientes:<\/strong><br>Punto de transferencia de Liesel y Jorge, cruce de los r\u00edos Paran\u00e1 y R\u00edo Paraguay<\/p>\n\n\n\n<p><strong>Amberes (B\u00e9lgica):<\/strong><br>Betty y Ausberto Schr\u00f6der regresan a Argentina desde aqu\u00ed; Betty vivi\u00f3 anteriormente en Buenos Aires, Schweinfurt, Aus- schwitz y St Ottilien.<\/p>\n\n\n\n<p><strong>Bamberg:<\/strong><br>Proyecto de construcci\u00f3n de Dientzenhofer (hacia 1690), los dos Thullies del Tirol llegan a Franconia, son antepasados de Liesl.<\/p>\n\n\n\n<p><strong>Buenos Aires:<\/strong><br>Buenos Aires es el lugar que Ulrich Schmieder, de la Baja Baviera, fue el primero en describir hace 400 a\u00f1os. La ciudad es un centro neur\u00e1lgico para muchos negocios internacionales. Aqu\u00ed viven Viktoria Ocampo (cosmopolita), Maria Moxler, emigrante para ganar dinero en la gran ciudad, colega y amiga de L\u00f3pez de Graciela de Brustmann (la madre de Betty). Adolf Schwelm vino de Frankfurt para dirigir su negocio y comercializar las colonias que hab\u00eda fundado.<br>las colonias que hab\u00eda fundado. El \u00abHotel de los Inmigrantes\u00bb, cerca del puerto, fue escala de muchos emigrantes europeos.<\/p>\n\n\n\n<p><strong>Dachau:<\/strong><br>Wilhelm Zauzich (impresor de Zeil am Main) tambi\u00e9n estuvo preso aqu\u00ed, en el campo de Dachau.<\/p>\n\n\n\n<p><strong>Eldorado (Misiones, Argentina):<\/strong><br>Fundada por Adolfo Schwelm, de Fr\u00e1ncfort, es m\u00e1s tarde la residencia de Liesl y de su ex prometido, Baptist Ulrich.<\/p>\n\n\n\n<p><strong>Eltmann:<\/strong><br>Ulrich y Langhans inician desde aqu\u00ed su emigraci\u00f3n a Argentina en 1934.<\/p>\n\n\n\n<p><strong>Munich, Nuremberg, W\u00fcrzburg, Zeil, Steinbach, Eltmann:<\/strong><br>Lugares de Liesl, familia, etc.<\/p>\n\n\n\n<p><strong>St Ottilien, T\u00fcrkenfeld:<\/strong><br>Alrededor de 100 almas parten de aqu\u00ed hacia Argentina en 1925 en tres barcos dirigidos por el Padre Pedro, entre ellos Mar\u00eda, Jorge, Jos\u00e9, etc. Despu\u00e9s de la guerra, campo de desplazados, donde se alojaron Betty y su posterior marido, Ausberto Schr\u00f6der, con quien parti\u00f3 de Alemania hacia Buenos Aires.<\/p>\n\n\n\n<p><strong>Zeil:<\/strong><br>Desde 1939 residencia del bar\u00f3n Jobst Zanthier, en el castillo de Schmachtenberg, antes director de casting de la UFA, m\u00e1s tarde, despu\u00e9s de la guerra, primer administrador del distrito.<\/p>\n\n\n\n<p><\/p>\n","protected":false},"excerpt":{"rendered":"<p>Visi\u00f3n general de personas y lugares de Claus Tully: Auf dem Weg in die neue Heimat. Liesls Eldorado.2024 (2\u00aa ed.) O\u015bwi\u0119cim (Auschwitz):Lugar donde Betty trabaj\u00f3 en IG Farben durante la guerra, despu\u00e9s de terminar sus estudios en la escuela de comercio Posadas:Capital provincial de Misiones Corrientes:Punto de transferencia de Liesel y Jorge, cruce de los &hellip; <\/p>\n<p class=\"link-more\"><a href=\"https:\/\/amerika-machen.de\/es\/das-buch\/resumen-de-personas-y-lugareser\/\" class=\"more-link\">Leer m\u00e1s<span class=\"screen-reader-text\"> \u00abResumen de personas y lugareser\u00bb<\/span><\/a><\/p>\n","protected":false},"author":1,"featured_media":0,"parent":404,"menu_order":0,"comment_status":"closed","ping_status":"closed","template":"","meta":{"inspiro_hide_title":false,"footnotes":""},"class_list":["post-393","page","type-page","status-publish","hentry"],"featured_media_urls":[],"_links":{"self":[{"href":"https:\/\/amerika-machen.de\/es\/wp-json\/wp\/v2\/pages\/393","targetHints":{"allow":["GET"]}}],"collection":[{"href":"https:\/\/amerika-machen.de\/es\/wp-json\/wp\/v2\/pages"}],"about":[{"href":"https:\/\/amerika-machen.de\/es\/wp-json\/wp\/v2\/types\/page"}],"author":[{"embeddable":true,"href":"https:\/\/amerika-machen.de\/es\/wp-json\/wp\/v2\/users\/1"}],"replies":[{"embeddable":true,"href":"https:\/\/amerika-machen.de\/es\/wp-json\/wp\/v2\/comments?post=393"}],"version-history":[{"count":4,"href":"https:\/\/amerika-machen.de\/es\/wp-json\/wp\/v2\/pages\/393\/revisions"}],"predecessor-version":[{"id":1157,"href":"https:\/\/amerika-machen.de\/es\/wp-json\/wp\/v2\/pages\/393\/revisions\/1157"}],"up":[{"embeddable":true,"href":"https:\/\/amerika-machen.de\/es\/wp-json\/wp\/v2\/pages\/404"}],"wp:attachment":[{"href":"https:\/\/amerika-machen.de\/es\/wp-json\/wp\/v2\/media?parent=393"}],"curies":[{"name":"wp","href":"https:\/\/api.w.org\/{rel}","templated":true}]}}