{"id":119,"date":"2023-08-25T18:36:02","date_gmt":"2023-08-25T18:36:02","guid":{"rendered":"http:\/\/ctadmin"},"modified":"2025-05-16T10:00:32","modified_gmt":"2025-05-16T10:00:32","slug":"ueber-diesen-blog","status":"publish","type":"page","link":"https:\/\/amerika-machen.de\/es\/ueber-diesen-blog\/","title":{"rendered":"Sobre este blog"},"content":{"rendered":"\n<p>\u00bfQu\u00e9 es \u201cHacer America\u201d?<\/p>\n\n\n\n<p>Este blog recopila informaci\u00f3n sobre la migraci\u00f3n a Sudam\u00e9rica, especialmente las mujeres antes y despu\u00e9s de la emigraci\u00f3n en la gran ola migratoria: 1920 y 1940. \u00bfC\u00f3mo era la vida en Europa, c\u00f3mo era all\u00ed? \u00bfDe d\u00f3nde vino la gente? De Italia, Espa\u00f1a y Alemania. Hoy en d\u00eda vienen a Europa nietos y bisnietos.<\/p>\n\n\n\n<p>Colabora y cuenta tus historias<\/p>\n\n\n\n<p>Buscamos materiales en alem\u00e1n y posiblemente tambi\u00e9n en ingl\u00e9s o espa\u00f1ol.<\/p>\n\n\n\n<p>La informaci\u00f3n se clasifica y luego se transmite. <\/p>\n\n\n\n<p>\u00bfQu\u00e9 hay aqu\u00ed?<\/p>\n\n\n\n<p>El blog brinda informaci\u00f3n sobre exposiciones, art\u00edculos, libros, lecturas, museos y eventos relacionados con la emigraci\u00f3n a Sudam\u00e9rica. Ejemplo Jexhof (www.Jexhof.de). El tema es la vida de un herrero que emigr\u00f3 a la Argentina en los a\u00f1os 1920. Adem\u00e1s, hay<br>Rese\u00f1as de libros<br>Recopilo y coloco toda la informaci\u00f3n, datos, historias sobre la emigraci\u00f3n, especialmente de Franconia y Baviera y especialmente de las mujeres: las historias de sus abuelas, t\u00edas abuelas, primas, sus parientes femeninas.<br>Historias, datos, documentos.<\/p>\n\n\n\n<p>Historia: Edito documentos contempor\u00e1neos (por ejemplo, pasaportes antiguos, noticias p\u00fablicas, dinero antiguo, mapas), los documentos se corrigen y clasifican antes de publicarlos en el blog.<\/p>\n\n\n\n<p>Que paso, que pas\u00f3 \/<\/p>\n\n\n\n<p>Qu\u00e9 est\u00e1 pasando hoy: reportajes y fotograf\u00edas.<\/p>\n\n\n\n<p>Informaci\u00f3n actual sobre la vida cotidiana y la pol\u00edtica en Am\u00e9rica del Sur.<\/p>\n\n\n\n<p>Cultura: Cosas culturales que crearon un estado de \u00e1nimo, por ejemplo en \u00e9xitos, pel\u00edculas, m\u00fasica como el tango, concierto de tango (Astor Piazola), Chamamee en el norte de Argentina.<br>\u00bfQui\u00e9nes migran hoy a Europa desde Argentina? Las mujeres sudamericanas trabajan en hogares espa\u00f1oles, los estudiantes latinoamericanos en Europa.<br>Biograf\u00edas de emigrantes.<\/p>\n\n\n\n<p><br>Las biograf\u00edas muestran: qui\u00e9n, qu\u00e9, d\u00f3nde.<br>Las biograf\u00edas son interfaces entre las personas y el mundo.<br>La migraci\u00f3n cuenta el destino de un individuo e informa de las circunstancias.<br>Publicaciones\/Libros y Revistas.<\/p>\n\n\n\n<p><br>Miscel\u00e1neas<br><\/p>\n\n\n\n<p>Ocasionalmente se presentan libros, incluidos aquellos que hoy ya no est\u00e1n a la venta o que son de dif\u00edcil acceso porque fueron editados en Sudam\u00e9rica. Por ejemplo, una biograf\u00eda de Fritz M\u00fcller, su libro Trabajar, letras, vida.<\/p>\n","protected":false},"excerpt":{"rendered":"<p>\u00bfQu\u00e9 es \u201cHacer America\u201d? Este blog recopila informaci\u00f3n sobre la migraci\u00f3n a Sudam\u00e9rica, especialmente las mujeres antes y despu\u00e9s de la emigraci\u00f3n en la gran ola migratoria: 1920 y 1940. \u00bfC\u00f3mo era la vida en Europa, c\u00f3mo era all\u00ed? \u00bfDe d\u00f3nde vino la gente? De Italia, Espa\u00f1a y Alemania. Hoy en d\u00eda vienen a Europa &hellip; <\/p>\n<p class=\"link-more\"><a href=\"https:\/\/amerika-machen.de\/es\/ueber-diesen-blog\/\" class=\"more-link\">Leer m\u00e1s<span class=\"screen-reader-text\"> \u00abSobre este blog\u00bb<\/span><\/a><\/p>\n","protected":false},"author":1,"featured_media":122,"parent":0,"menu_order":0,"comment_status":"closed","ping_status":"closed","template":"","meta":{"inspiro_hide_title":false,"footnotes":""},"class_list":["post-119","page","type-page","status-publish","has-post-thumbnail","hentry"],"featured_media_urls":{"thumbnail":["https:\/\/amerika-machen.de\/wp-content\/uploads\/2023\/08\/Baum-1-150x150.jpg",135,135,true],"medium":["https:\/\/amerika-machen.de\/wp-content\/uploads\/2023\/08\/Baum-1-300x225.jpg",300,225,true],"medium_large":["https:\/\/amerika-machen.de\/wp-content\/uploads\/2023\/08\/Baum-1.jpg",624,468,false],"large":["https:\/\/amerika-machen.de\/wp-content\/uploads\/2023\/08\/Baum-1.jpg",624,468,false],"1536x1536":["https:\/\/amerika-machen.de\/wp-content\/uploads\/2023\/08\/Baum-1.jpg",624,468,false],"2048x2048":["https:\/\/amerika-machen.de\/wp-content\/uploads\/2023\/08\/Baum-1.jpg",624,468,false],"inspiro-featured-image":["https:\/\/amerika-machen.de\/wp-content\/uploads\/2023\/08\/Baum-1.jpg",624,468,false],"inspiro-loop":["https:\/\/amerika-machen.de\/wp-content\/uploads\/2023\/08\/Baum-1-624x320.jpg",624,320,true],"inspiro-loop@2x":["https:\/\/amerika-machen.de\/wp-content\/uploads\/2023\/08\/Baum-1.jpg",624,468,false],"portfolio_item-thumbnail":["https:\/\/amerika-machen.de\/wp-content\/uploads\/2023\/08\/Baum-1-600x400.jpg",600,400,true],"portfolio_item-thumbnail@2x":["https:\/\/amerika-machen.de\/wp-content\/uploads\/2023\/08\/Baum-1.jpg",624,468,false],"portfolio_item-masonry":["https:\/\/amerika-machen.de\/wp-content\/uploads\/2023\/08\/Baum-1-600x450.jpg",600,450,true],"portfolio_item-masonry@2x":["https:\/\/amerika-machen.de\/wp-content\/uploads\/2023\/08\/Baum-1.jpg",624,468,false],"portfolio_item-thumbnail_cinema":["https:\/\/amerika-machen.de\/wp-content\/uploads\/2023\/08\/Baum-1-624x335.jpg",624,335,true],"portfolio_item-thumbnail_portrait":["https:\/\/amerika-machen.de\/wp-content\/uploads\/2023\/08\/Baum-1-600x468.jpg",600,468,true],"portfolio_item-thumbnail_portrait@2x":["https:\/\/amerika-machen.de\/wp-content\/uploads\/2023\/08\/Baum-1.jpg",624,468,false],"portfolio_item-thumbnail_square":["https:\/\/amerika-machen.de\/wp-content\/uploads\/2023\/08\/Baum-1.jpg",624,468,false]},"_links":{"self":[{"href":"https:\/\/amerika-machen.de\/es\/wp-json\/wp\/v2\/pages\/119","targetHints":{"allow":["GET"]}}],"collection":[{"href":"https:\/\/amerika-machen.de\/es\/wp-json\/wp\/v2\/pages"}],"about":[{"href":"https:\/\/amerika-machen.de\/es\/wp-json\/wp\/v2\/types\/page"}],"author":[{"embeddable":true,"href":"https:\/\/amerika-machen.de\/es\/wp-json\/wp\/v2\/users\/1"}],"replies":[{"embeddable":true,"href":"https:\/\/amerika-machen.de\/es\/wp-json\/wp\/v2\/comments?post=119"}],"version-history":[{"count":65,"href":"https:\/\/amerika-machen.de\/es\/wp-json\/wp\/v2\/pages\/119\/revisions"}],"predecessor-version":[{"id":1280,"href":"https:\/\/amerika-machen.de\/es\/wp-json\/wp\/v2\/pages\/119\/revisions\/1280"}],"wp:featuredmedia":[{"embeddable":true,"href":"https:\/\/amerika-machen.de\/es\/wp-json\/wp\/v2\/media\/122"}],"wp:attachment":[{"href":"https:\/\/amerika-machen.de\/es\/wp-json\/wp\/v2\/media?parent=119"}],"curies":[{"name":"wp","href":"https:\/\/api.w.org\/{rel}","templated":true}]}}