{"id":118,"date":"2023-08-25T18:36:02","date_gmt":"2023-08-25T18:36:02","guid":{"rendered":"http:\/\/ctadmin"},"modified":"2025-05-16T14:49:43","modified_gmt":"2025-05-16T14:49:43","slug":"pagina-web","status":"publish","type":"page","link":"https:\/\/amerika-machen.de\/es\/","title":{"rendered":"Objetivo del blog"},"content":{"rendered":"\n<p class=\"has-text-align-center\">El blog contiene notas de informaci\u00f3n sobre la migraci\u00f3n y Am\u00e9rica del Sur. \u00bfC\u00f3mo era la vida especialmente para las mujeres antes y despu\u00e9s de la emigraci\u00f3n? La gran ola de migraci\u00f3n fue entre 1920 y 1940. \u00bfC\u00f3mo era la vida aqu\u00ed en Europa? \u00bfC\u00f3mo era la vida de las personas que aterrizaron all\u00ed principalmente desde Italia, Espa\u00f1a y Alemania? Hoy, nietos y bisnietos vienen a Europa.<\/p>\n\n\n\n<div style=\"height:55px\" aria-hidden=\"true\" class=\"wp-block-spacer\"><\/div>\n\n\n\n<p class=\"has-large-font-size\"><strong>Entradas actuales del blog<\/strong><\/p>\n\n\n<ul class=\"wp-block-latest-posts__list has-dates wp-block-latest-posts has-small-font-size\"><li><a class=\"wp-block-latest-posts__post-title\" href=\"https:\/\/amerika-machen.de\/es\/argentinien-wissenschaf\/\">Argentinien: Die Wissenschaft ist in Gefahr! Ein Aufruf zur Debatte<\/a><time datetime=\"2025-05-16T09:16:58+00:00\" class=\"wp-block-latest-posts__post-date\">16. mayo 2025<\/time><div class=\"wp-block-latest-posts__post-excerpt\">Malas palabras &#8211; b\u00f6se Worte: Auf Spanisch bezeichnet man damit das Fluchen, Schimpfen und Schlechtreden von anderen. Meister darin sind die neurechten M\u00e4chtigen wie Trump, Musk und der argentinische Premier Javier Milei. Letzterer ist auch ein bekennender Feind der Wissenschaft: Hochschulen sind f\u00fcr Milei Horte linker Intellektueller. Er verachtet sie &hellip; <p class=\"link-more\"><a href=\"https:\/\/amerika-machen.de\/es\/argentinien-wissenschaf\/\" class=\"more-link\">Leer m\u00e1s<span class=\"screen-reader-text\"> \u00abArgentinien: Die Wissenschaft ist in Gefahr! Ein Aufruf zur Debatte\u00bb<\/span><\/a><\/p><\/div><\/li>\n<li><a class=\"wp-block-latest-posts__post-title\" href=\"https:\/\/amerika-machen.de\/es\/fundsache-ein-deutscher-pass-aus-den-1920ern\/\">Fundsache: Ein deutscher Pass aus den 1920ern<\/a><time datetime=\"2024-11-21T13:58:23+00:00\" class=\"wp-block-latest-posts__post-date\">21. noviembre 2024<\/time><div class=\"wp-block-latest-posts__post-excerpt\">Es ist interessant, alte P\u00e4sse zu studieren. Frauen wurden da ganz einfach bei ihren Ehem\u00e4nnern mit eingetragen \u2013 sie besa\u00dfen keinen eigenen Pass. Es fragt sich, ob und wie Frauen damals unabh\u00e4ngig von ihren M\u00e4nnern \u00fcberhaupt reisen konnten. Der junge Mann war damals 18 Jahre alt und ist mit rund &hellip; <p class=\"link-more\"><a href=\"https:\/\/amerika-machen.de\/es\/fundsache-ein-deutscher-pass-aus-den-1920ern\/\" class=\"more-link\">Leer m\u00e1s<span class=\"screen-reader-text\"> \u00abFundsache: Ein deutscher Pass aus den 1920ern\u00bb<\/span><\/a><\/p><\/div><\/li>\n<li><a class=\"wp-block-latest-posts__post-title\" href=\"https:\/\/amerika-machen.de\/es\/consejo-de-enlace-la-novia-infeliz-la-historia-de-una-joven-de-la-primera-fase-de-asentamiento\/\">La novia infeliz.La historia de una joven de la primera fase de asentamiento<\/a><time datetime=\"2024-10-16T12:15:55+00:00\" class=\"wp-block-latest-posts__post-date\">16. octubre 2024<\/time><div class=\"wp-block-latest-posts__post-excerpt\">En el blog \u00ab\u00bfPor qu\u00e9 Argentina?\u00bb &#8230; una descendiente cuenta la historia de una joven que viaj\u00f3 de Alemania a Argentina para casarse. Se llamaba Nora Liebe-Oldekop y viaj\u00f3 a Buenos Aires en barco. Una vez all\u00ed, se cas\u00f3 con Carlos Kunzi en el Hotel de Inmigrantes. S\u00f3lo as\u00ed pudo &hellip; <p class=\"link-more\"><a href=\"https:\/\/amerika-machen.de\/es\/consejo-de-enlace-la-novia-infeliz-la-historia-de-una-joven-de-la-primera-fase-de-asentamiento\/\" class=\"more-link\">Leer m\u00e1s<span class=\"screen-reader-text\"> \u00abLa novia infeliz.La historia de una joven de la primera fase de asentamiento\u00bb<\/span><\/a><\/p><\/div><\/li>\n<li><a class=\"wp-block-latest-posts__post-title\" href=\"https:\/\/amerika-machen.de\/es\/sugerencia-de-enlace-interesante-articulo-general-sobre-la-emigracion-a-sudamerica\/\">Interesante art\u00edculo general sobre la emigraci\u00f3n a Sudam\u00e9rica<\/a><time datetime=\"2024-10-16T12:14:28+00:00\" class=\"wp-block-latest-posts__post-date\">16. octubre 2024<\/time><div class=\"wp-block-latest-posts__post-excerpt\">La Agencia Federal para la Educaci\u00f3n C\u00edvica (bpb) resume la historia de la migraci\u00f3n de Europa a Sudam\u00e9rica en un detallado art\u00edculo: Trata los motivos de las personas, las distintas oleadas y fases de la inmigraci\u00f3n, los pa\u00edses de origen y destino, as\u00ed como debates contempor\u00e1neos, como el trato a &hellip; <p class=\"link-more\"><a href=\"https:\/\/amerika-machen.de\/es\/sugerencia-de-enlace-interesante-articulo-general-sobre-la-emigracion-a-sudamerica\/\" class=\"more-link\">Leer m\u00e1s<span class=\"screen-reader-text\"> \u00abInteresante art\u00edculo general sobre la emigraci\u00f3n a Sudam\u00e9rica\u00bb<\/span><\/a><\/p><\/div><\/li>\n<li><a class=\"wp-block-latest-posts__post-title\" href=\"https:\/\/amerika-machen.de\/es\/sugerencia-de-enlace-blog-post-self-is-the-woman-el-yo-es-la-mujer\/\">Blog post \u00abSelf is the woman\u00bb (El yo es la mujer)<\/a><time datetime=\"2024-10-16T12:12:28+00:00\" class=\"wp-block-latest-posts__post-date\">16. octubre 2024<\/time><div class=\"wp-block-latest-posts__post-excerpt\">\u00abUna mujer es ella misma &#8211; desde la infancia\u00bb: He encontrado un interesante art\u00edculo sobre mi tema en un blog sobre la emigraci\u00f3n a Argentina. Es la historia de una joven que emigra sola a Argentina despu\u00e9s de la Segunda Guerra Mundial. Acaba en el sur del pa\u00eds, en Villa &hellip; <p class=\"link-more\"><a href=\"https:\/\/amerika-machen.de\/es\/sugerencia-de-enlace-blog-post-self-is-the-woman-el-yo-es-la-mujer\/\" class=\"more-link\">Leer m\u00e1s<span class=\"screen-reader-text\"> \u00abBlog post \u00abSelf is the woman\u00bb (El yo es la mujer)\u00bb<\/span><\/a><\/p><\/div><\/li>\n<\/ul>\n\n\n<div class=\"wp-block-group alignfull has-black-background-color has-background is-layout-flow wp-block-group-is-layout-flow\">\n<h2 class=\"wp-block-heading has-text-align-center has-white-color has-text-color\"><strong>Galer\u00eda<\/strong><\/h2>\n\n\n\n<figure class=\"wp-block-gallery aligncenter has-nested-images columns-default is-cropped wp-block-gallery-1 is-layout-flex wp-block-gallery-is-layout-flex\">\n<figure class=\"wp-block-image size-full\"><img fetchpriority=\"high\" decoding=\"async\" width=\"624\" height=\"444\" data-id=\"54\" src=\"https:\/\/amerika-machen.de\/wp-content\/uploads\/2023\/08\/BuenosAires1938.png\" alt=\"\" class=\"wp-image-54\" srcset=\"https:\/\/amerika-machen.de\/wp-content\/uploads\/2023\/08\/BuenosAires1938.png 624w, https:\/\/amerika-machen.de\/wp-content\/uploads\/2023\/08\/BuenosAires1938-300x213.png 300w, https:\/\/amerika-machen.de\/wp-content\/uploads\/2023\/08\/BuenosAires1938-600x427.png 600w\" sizes=\"(max-width: 624px) 100vw, 624px\" \/><\/figure>\n\n\n\n<figure class=\"wp-block-image size-large\"><img decoding=\"async\" width=\"1024\" height=\"715\" data-id=\"63\" src=\"https:\/\/claustully.mnmm.de\/wp-content\/uploads\/2023\/08\/WartendeFrauen-1024x715.jpg\" alt=\"\" class=\"wp-image-63\" srcset=\"https:\/\/amerika-machen.de\/wp-content\/uploads\/2023\/08\/WartendeFrauen-1024x715.jpg 1024w, https:\/\/amerika-machen.de\/wp-content\/uploads\/2023\/08\/WartendeFrauen-300x209.jpg 300w, https:\/\/amerika-machen.de\/wp-content\/uploads\/2023\/08\/WartendeFrauen-768x536.jpg 768w, https:\/\/amerika-machen.de\/wp-content\/uploads\/2023\/08\/WartendeFrauen-600x419.jpg 600w, https:\/\/amerika-machen.de\/wp-content\/uploads\/2023\/08\/WartendeFrauen-1200x837.jpg 1200w, https:\/\/amerika-machen.de\/wp-content\/uploads\/2023\/08\/WartendeFrauen.jpg 1430w\" sizes=\"(max-width: 1024px) 100vw, 1024px\" \/><\/figure>\n\n\n\n<figure class=\"wp-block-image size-full\"><img decoding=\"async\" data-id=\"53\" src=\"https:\/\/amerika-machen.de\/wp-content\/uploads\/2023\/08\/Baum-1.jpg\" alt=\"\" class=\"wp-image-53\"\/><\/figure>\n\n\n\n<figure class=\"wp-block-image size-full\"><img decoding=\"async\" width=\"478\" height=\"720\" data-id=\"61\" src=\"https:\/\/claustully.mnmm.de\/wp-content\/uploads\/2023\/08\/Tango.jpg\" alt=\"\" class=\"wp-image-61\" srcset=\"https:\/\/amerika-machen.de\/wp-content\/uploads\/2023\/08\/Tango.jpg 478w, https:\/\/amerika-machen.de\/wp-content\/uploads\/2023\/08\/Tango-199x300.jpg 199w\" sizes=\"(max-width: 478px) 100vw, 478px\" \/><\/figure>\n\n\n\n<figure class=\"wp-block-image size-full\"><img loading=\"lazy\" decoding=\"async\" width=\"624\" height=\"414\" data-id=\"60\" src=\"https:\/\/claustully.mnmm.de\/wp-content\/uploads\/2023\/08\/Misiones1970.jpg\" alt=\"\" class=\"wp-image-60\" srcset=\"https:\/\/amerika-machen.de\/wp-content\/uploads\/2023\/08\/Misiones1970.jpg 624w, https:\/\/amerika-machen.de\/wp-content\/uploads\/2023\/08\/Misiones1970-300x199.jpg 300w, https:\/\/amerika-machen.de\/wp-content\/uploads\/2023\/08\/Misiones1970-600x398.jpg 600w\" sizes=\"(max-width: 624px) 100vw, 624px\" \/><\/figure>\n\n\n\n<figure class=\"wp-block-image size-full\"><img loading=\"lazy\" decoding=\"async\" width=\"624\" height=\"416\" data-id=\"58\" src=\"https:\/\/claustully.mnmm.de\/wp-content\/uploads\/2023\/08\/Migrantin1914.jpg\" alt=\"\" class=\"wp-image-58\" srcset=\"https:\/\/amerika-machen.de\/wp-content\/uploads\/2023\/08\/Migrantin1914.jpg 624w, https:\/\/amerika-machen.de\/wp-content\/uploads\/2023\/08\/Migrantin1914-300x200.jpg 300w, https:\/\/amerika-machen.de\/wp-content\/uploads\/2023\/08\/Migrantin1914-600x400.jpg 600w\" sizes=\"(max-width: 624px) 100vw, 624px\" \/><\/figure>\n<\/figure>\n<\/div>\n\n\n\n<div class=\"wp-block-cover alignfull is-light has-parallax is-position-center-center\" style=\"min-height:375px;aspect-ratio:unset;\"><span aria-hidden=\"true\" class=\"wp-block-cover__background has-black-background-color has-background-dim-40 has-background-dim\"><\/span><div class=\"wp-block-cover__image-background wp-image-24 has-parallax\" style=\"background-position:50% 50%;background-image:url(https:\/\/claustully.mnmm.de\/wp-content\/themes\/inspiro\/assets\/images\/StockSnap_89BQZ89TLH.jpg)\"><\/div><div class=\"wp-block-cover__inner-container is-layout-flow wp-block-cover-is-layout-flow\">\n<div style=\"height:39px\" aria-hidden=\"true\" class=\"wp-block-spacer\"><\/div>\n\n\n\n<div class=\"wp-block-buttons is-horizontal is-content-justification-center is-layout-flex wp-container-core-buttons-is-layout-03627597 wp-block-buttons-is-layout-flex\">\n<div class=\"wp-block-button is-style-outline is-style-outline--2\"><a class=\"wp-block-button__link has-white-color has-text-color wp-element-button\" href=\"\/es\/kontakt\/\">Escr\u00edbeme<\/a><\/div>\n<\/div>\n<\/div><\/div>\n\n\n\n<p><\/p>\n","protected":false},"excerpt":{"rendered":"<p>El blog contiene notas de informaci\u00f3n sobre la migraci\u00f3n y Am\u00e9rica del Sur. \u00bfC\u00f3mo era la vida especialmente para las mujeres antes y despu\u00e9s de la emigraci\u00f3n? La gran ola de migraci\u00f3n fue entre 1920 y 1940. \u00bfC\u00f3mo era la vida aqu\u00ed en Europa? \u00bfC\u00f3mo era la vida de las personas que aterrizaron all\u00ed principalmente &hellip; <\/p>\n<p class=\"link-more\"><a href=\"https:\/\/amerika-machen.de\/es\/\" class=\"more-link\">Leer m\u00e1s<span class=\"screen-reader-text\"> \u00abObjetivo del blog\u00bb<\/span><\/a><\/p>\n","protected":false},"author":1,"featured_media":0,"parent":0,"menu_order":0,"comment_status":"closed","ping_status":"closed","template":"","meta":{"inspiro_hide_title":false,"footnotes":""},"class_list":["post-118","page","type-page","status-publish","hentry"],"featured_media_urls":[],"_links":{"self":[{"href":"https:\/\/amerika-machen.de\/es\/wp-json\/wp\/v2\/pages\/118","targetHints":{"allow":["GET"]}}],"collection":[{"href":"https:\/\/amerika-machen.de\/es\/wp-json\/wp\/v2\/pages"}],"about":[{"href":"https:\/\/amerika-machen.de\/es\/wp-json\/wp\/v2\/types\/page"}],"author":[{"embeddable":true,"href":"https:\/\/amerika-machen.de\/es\/wp-json\/wp\/v2\/users\/1"}],"replies":[{"embeddable":true,"href":"https:\/\/amerika-machen.de\/es\/wp-json\/wp\/v2\/comments?post=118"}],"version-history":[{"count":36,"href":"https:\/\/amerika-machen.de\/es\/wp-json\/wp\/v2\/pages\/118\/revisions"}],"predecessor-version":[{"id":1285,"href":"https:\/\/amerika-machen.de\/es\/wp-json\/wp\/v2\/pages\/118\/revisions\/1285"}],"wp:attachment":[{"href":"https:\/\/amerika-machen.de\/es\/wp-json\/wp\/v2\/media?parent=118"}],"curies":[{"name":"wp","href":"https:\/\/api.w.org\/{rel}","templated":true}]}}