{"id":117,"date":"2023-08-25T18:36:02","date_gmt":"2023-08-25T18:36:02","guid":{"rendered":"http:\/\/ctadmin"},"modified":"2023-08-25T22:15:35","modified_gmt":"2023-08-25T22:15:35","slug":"datenschutz","status":"publish","type":"page","link":"https:\/\/amerika-machen.de\/es\/datenschutz\/","title":{"rendered":"Pol\u00edtica de privacidad"},"content":{"rendered":"<h1>Protecci\u00f3n de Datos<\/h1>\n<h2><strong>Pre\u00e1mbulo<\/strong><\/h2>\n\n\n<p>Con la siguiente declaraci\u00f3n de protecci\u00f3n de datos nos gustar\u00eda informarle sobre qu\u00e9 tipos de sus datos personales (en lo sucesivo tambi\u00e9n denominados \u00abdatos\u00bb) procesamos, con qu\u00e9 fines y en qu\u00e9 medida. La declaraci\u00f3n de protecci\u00f3n de datos se aplica a todos los tratamientos de datos personales. datos realizados por nosotros, tanto en el marco de la prestaci\u00f3n de nuestros servicios como, en particular, en nuestros sitios web, en aplicaciones m\u00f3viles y en presencias externas en l\u00ednea, como nuestros perfiles en las redes sociales (en lo sucesivo, colectivamente denominados \u00aboferta en l\u00ednea\u00bb) .<\/p>\n\n\n\n<p>Los t\u00e9rminos utilizados no son espec\u00edficos de g\u00e9nero.<\/p>\n\n\n\n<p>Al 25 de agosto de 2023<\/p>\n\n\n\n<h2 class=\"wp-block-heading\">Tabla de contenido<\/h2>\n\n\n\n<pre class=\"wp-block-code\"><code> Pre\u00e1mbulo\n Responsable\n Resumen del procesamiento\n Bases legales relevantes\n Medidas de seguridad\n Transmisi\u00f3n de datos personales\n Derechos de los interesados\n Prestaci\u00f3n de la oferta online y alojamiento web.\n caracter\u00edsticas de la comunidad\n Blogs y medios de publicaci\u00f3n.\n Gesti\u00f3n de contactos y solicitudes.\n Cambio y actualizaci\u00f3n de la pol\u00edtica de privacidad\n definici\u00f3n de t\u00e9rminos<\/code><\/pre>\n\n\n\n<h2 class=\"wp-block-heading\">Responsable<\/h2>\n\n\n\n<p>Prof. PD Dr. Claus Tully<br>Antigua cervecer\u00eda 2<br>97486 K\u00f6nigsberg en Baviera<br>Direcci\u00f3n de correo electr\u00f3nico:<\/p>\n\n\n\n<p><a href=\"mailto:tully@outlook.de\">info@amerika-machen.de<\/a><\/p>\n\n\n<h2>Bases legales relevantes<\/h2>\n\n\n<p><strong>Bases legales relevantes seg\u00fan el RGPD:<\/strong> a continuaci\u00f3n encontrar\u00e1 una descripci\u00f3n general de las bases legales del RGPD, sobre cuya base procesamos datos personales. Tenga en cuenta que, adem\u00e1s de las disposiciones del RGPD, pueden aplicarse normas nacionales de protecci\u00f3n de datos en su pa\u00eds de residencia o domicilio o en el nuestro. Si en casos individuales son pertinentes bases jur\u00eddicas m\u00e1s espec\u00edficas, se lo informaremos en la declaraci\u00f3n de protecci\u00f3n de datos.<\/p>\n\n\n\n<pre class=\"wp-block-code\"><code> Cumplimiento de contratos y consultas precontractuales (Art. 6 P\u00e1rr. 1 S. 1 lit. b) GDPR) - El procesamiento es necesario para el cumplimiento de un contrato en el que el interesado es parte, o para la ejecuci\u00f3n de -Se lleven a cabo las medidas contractuales que sean necesarias a petici\u00f3n del interesado.\n Intereses leg\u00edtimos (Art. 6 P\u00e1rr. 1 S. 1 lit. f) GDPR) - El procesamiento es necesario para salvaguardar los intereses leg\u00edtimos del responsable o de un tercero, a menos que los intereses o los derechos y libertades fundamentales del interesado, que proteger los datos personales requieren prevalecer.<\/code><\/pre>\n\n\n\n<p><strong>Normas nacionales de protecci\u00f3n de datos en Alemania: <\/strong>adem\u00e1s de las normas de protecci\u00f3n de datos del RGPD, en Alemania se aplican normas nacionales de protecci\u00f3n de datos. Esto incluye, en particular, la ley sobre la protecci\u00f3n contra el uso indebido de datos personales en el procesamiento de datos (Ley Federal de Protecci\u00f3n de Datos &#8211; BDSG). En particular, la BDSG contiene normas especiales sobre el derecho a la informaci\u00f3n, el derecho de supresi\u00f3n, el derecho de oposici\u00f3n, el procesamiento de categor\u00edas especiales de datos personales, el procesamiento para otros fines y la transmisi\u00f3n, as\u00ed como la toma de decisiones automatizada en casos individuales, incluyendo perfilado. Adem\u00e1s, pueden aplicarse las leyes estatales de protecci\u00f3n de datos de cada uno de los estados federados.<\/p>\n\n\n\n<p><strong>Nota sobre la validez del RGPD y la DSG suiza:<\/strong> Estas notas de protecci\u00f3n de datos sirven para proporcionar informaci\u00f3n de conformidad con la Ley federal suiza de protecci\u00f3n de datos (DSG suiza) y el Reglamento general de protecci\u00f3n de datos (GDPR). Por este motivo, le pedimos que tenga en cuenta que, debido a la aplicaci\u00f3n espacial m\u00e1s amplia y la comprensibilidad, se utilizan los t\u00e9rminos del RGPD. En particular, en lugar de los t\u00e9rminos \u00abprocesamiento\u00bb de \u00abdatos personales\u00bb, \u00abinter\u00e9s superior\u00bb y \u00abdatos personales especialmente sensibles\u00bb utilizados en la DSG suiza, se utilizar\u00e1n los t\u00e9rminos \u00abprocesamiento\u00bb de \u00abdatos personales\u00bb, as\u00ed como \u00abinter\u00e9s leg\u00edtimo\u00bb. y \u00abcategor\u00edas especiales de datos\u00bb utilizadas. Sin embargo, el significado legal de los t\u00e9rminos seguir\u00e1 siendo determinado seg\u00fan la DSG suiza dentro del \u00e1mbito de validez de la DSG suiza.<br><\/p>\n\n\n<h2>Resumen del procesamiento<\/h2>\n\n\n<p>El siguiente resumen resume los tipos de datos procesados \u200b\u200by los fines de su procesamiento y se refiere a los interesados.<\/p>\n\n\n<h3>Tipos de datos procesados<\/h3>\n\n\n<pre class=\"wp-block-code\"><code> datos de inventario.\n Detalles de contacto.\n datos de contenido.\n datos de uso.\n Metadatos, comunicaci\u00f3n y datos procesales.<\/code><\/pre>\n\n\n<h3>Categor\u00edas de interesados<\/h3>\n\n\n<pre class=\"wp-block-code\"><code> compa\u00f1ero de comunicaci\u00f3n.\n usuario.<\/code><\/pre>\n\n\n<h3>Fines del procesamiento<\/h3>\n\n\n<pre class=\"wp-block-code\"><code> Prestaci\u00f3n de servicios contractuales y cumplimiento de obligaciones contractuales.\n Solicitudes de Contacto y Comunicaci\u00f3n.\n Medidas de seguridad.\n Gesti\u00f3n y respuesta a consultas.\n comentario.\n Oferta de nuestra oferta online y facilidad de uso.\n infraestructura de tecnolog\u00eda de la informaci\u00f3n.<\/code><\/pre>\n\n\n<h2>Medidas de seguridad<\/h2>\n\n\n<p>De conformidad con las exigencias legales, teniendo en cuenta el estado de la t\u00e9cnica, los costes de implementaci\u00f3n y el tipo, alcance, circunstancias y finalidades del tratamiento as\u00ed como las diferentes probabilidades de ocurrencia medidas t\u00e9cnicas y organizativas adecuadas para garantizar un nivel de protecci\u00f3n adecuado al riesgo.<\/p>\n\n\n\n<p>Las medidas incluyen, en particular, garantizar la confidencialidad, integridad y disponibilidad de los datos mediante el control del acceso f\u00edsico y electr\u00f3nico a los datos, as\u00ed como el acceso, la introducci\u00f3n, la divulgaci\u00f3n, la garant\u00eda de la disponibilidad y su separaci\u00f3n. Adem\u00e1s, hemos establecido procedimientos que garantizan el ejercicio de los derechos de los interesados, la eliminaci\u00f3n de datos y las reacciones ante amenazas de datos. Adem\u00e1s, ya tenemos en cuenta la protecci\u00f3n de datos personales durante el desarrollo o la selecci\u00f3n de hardware, software y procesos de acuerdo con el principio de protecci\u00f3n de datos, mediante el dise\u00f1o de la tecnolog\u00eda y mediante configuraciones predeterminadas favorables a la protecci\u00f3n de datos.<\/p>\n\n\n\n<p>Cifrado TLS (https): Para proteger sus datos transmitidos a trav\u00e9s de nuestra oferta en l\u00ednea, utilizamos cifrado TLS. Puede reconocer dichas conexiones cifradas mediante el prefijo https:\/\/ en la l\u00ednea de direcci\u00f3n de su navegador.<\/p>\n\n\n<h2>Transmisi\u00f3n de datos personales<\/h2>\n\n\n<p>Como parte de nuestro procesamiento de datos personales, puede suceder que los datos se transmitan a otros organismos, empresas, unidades organizativas legalmente independientes o personas o que se les comuniquen. Los destinatarios de estos datos pueden ser, por ejemplo, proveedores de servicios encargados de tareas inform\u00e1ticas o proveedores de servicios y contenidos integrados en un sitio web. En tales casos, cumplimos con los requisitos legales y, en particular, celebramos contratos o acuerdos adecuados con los destinatarios de sus datos que sirvan para proteger sus datos.<\/p>\n\n\n<h2>Derechos de los interesados<\/h2>\n\n\n<p>Derechos del interesado seg\u00fan el RGPD: Como interesado, usted tiene varios derechos seg\u00fan el RGPD, que se derivan en particular de los art\u00edculos 15 a 21 del RGPD:<\/p>\n\n\n\n<pre class=\"wp-block-code\"><code> Derecho de oposici\u00f3n: Usted tiene derecho, por motivos derivados de su situaci\u00f3n particular, a oponerse en cualquier momento al procesamiento de sus datos personales, lo cual se basa en el art\u00edculo 6, p\u00e1rrafo 1, letras e o f del RGPD; Esto tambi\u00e9n se aplica a la elaboraci\u00f3n de perfiles basados \u200b\u200ben estas disposiciones. Si los datos personales que le conciernen se procesan para realizar publicidad directa, tiene derecho a oponerse en cualquier momento al procesamiento de sus datos personales con el fin de dicha publicidad; Esto tambi\u00e9n se aplica a la elaboraci\u00f3n de perfiles en la medida en que est\u00e9 asociada a dicha publicidad directa.\n Derecho de retirada del consentimiento: Tienes derecho a retirar tu consentimiento en cualquier momento.\n Derecho a la informaci\u00f3n: Tiene derecho a solicitar confirmaci\u00f3n sobre si los datos en cuesti\u00f3n est\u00e1n siendo tratados y a solicitar informaci\u00f3n sobre estos datos as\u00ed como m\u00e1s informaci\u00f3n y una copia de los datos de acuerdo con las exigencias legales.\n Derecho de rectificaci\u00f3n: De acuerdo con las exigencias legales, usted tiene derecho a solicitar la finalizaci\u00f3n de los datos que le conciernen o la correcci\u00f3n de los datos incorrectos que le conciernen.\n Derecho de supresi\u00f3n y limitaci\u00f3n del tratamiento: Tiene derecho, de acuerdo con las exigencias legales, a solicitar que los datos que le conciernen sean eliminados inmediatamente o, alternativamente, a solicitar la limitaci\u00f3n del tratamiento de los datos de acuerdo con las exigencias legales.\n Derecho a la portabilidad de los datos: Tienes derecho a recibir los datos que nos has facilitado de acuerdo con las exigencias legales en un formato estructurado, com\u00fan y legible por m\u00e1quina o a solicitar que sean transmitidos a otro responsable.\n Reclamaci\u00f3n ante la autoridad de control: Sin perjuicio de cualquier otro recurso administrativo o judicial, tiene derecho a presentar una reclamaci\u00f3n ante una autoridad de control, en particular en el Estado miembro de su residencia habitual, su lugar de trabajo o el lugar de la supuesta infracci\u00f3n. , si cree que el procesamiento de datos que le conciernen, datos personales, viola las disposiciones del RGPD.<\/code><\/pre>\n\n\n<h2>Prestaci\u00f3n de la oferta online y alojamiento web<\/h2>\n\n\n<p>Procesamos los datos de los usuarios para poder prestarles nuestros servicios online. Para ello procesamos la direcci\u00f3n IP del usuario, que es necesaria para transmitir el contenido y las funciones de nuestros servicios en l\u00ednea al navegador o al dispositivo final del usuario.<\/p>\n\n\n\n<p>Tipos de datos tratados: datos de uso (por ejemplo, sitios web visitados, inter\u00e9s en el contenido, tiempos de acceso). Metadatos, datos de comunicaci\u00f3n y de procedimiento (por ejemplo, direcciones IP, horas, n\u00fameros de identificaci\u00f3n, estado de consentimiento).  <\/p>\n\n\n\n<p>Personas afectadas: Usuarios (por ejemplo, visitantes del sitio web, usuarios de Internet)servicios).      Finalidades del procesamiento: puesta a disposici\u00f3n de nuestra oferta en l\u00ednea y facilidad de uso; Infraestructura de tecnolog\u00eda de la informaci\u00f3n (operaci\u00f3n y provisi\u00f3n de sistemas de informaci\u00f3n y dispositivos t\u00e9cnicos (computadoras, servidores, etc.)); Medidas de seguridad. Prestaci\u00f3n de servicios contractuales y cumplimiento de obligaciones contractuales.      <\/p>\n\n\n\n<p>Base jur\u00eddica: Intereses leg\u00edtimos (Art. 6 P\u00e1rr. 1 S. 1 lit. f) RGPD). M\u00e1s informaci\u00f3n sobre procesos de tramitaci\u00f3n, procedimientos y servicios:      <\/p>\n\n\n\n<p>Recopilaci\u00f3n de datos de acceso y archivos de registro: El acceso a nuestra oferta en l\u00ednea se registra en forma de los llamados \u00abarchivos de registro del servidor\u00bb. La direcci\u00f3n y el nombre de los sitios web y archivos recuperados, la fecha y hora de la recuperaci\u00f3n, la cantidad de datos transferidos, la notificaci\u00f3n de recuperaci\u00f3n exitosa, el tipo y la versi\u00f3n del navegador, el sistema operativo del usuario, la URL de referencia (la p\u00e1gina visitada anteriormente) y, como regla general pertenecen las direcciones IP y el proveedor solicitante.      <\/p>\n\n\n\n<p>Los archivos de registro del servidor se pueden utilizar, por un lado, con fines de seguridad, por ejemplo, para evitar la sobrecarga del servidor (especialmente en el caso de ataques abusivos, los llamados ataques DDoS) y, por otro lado, para garantizar la utilizaci\u00f3n y la estabilidad del servidor;      <\/p>\n\n\n\n<p>Base jur\u00eddica: Intereses leg\u00edtimos (Art. 6 P\u00e1rr. 1 S. 1 lit. f) RGPD). Eliminaci\u00f3n de datos: la informaci\u00f3n del archivo de registro se almacena durante un m\u00e1ximo de 30 d\u00edas y luego se elimina o se vuelve an\u00f3nima. Los datos cuyo almacenamiento posterior sea necesario con fines probatorios quedar\u00e1n excluidos de la eliminaci\u00f3n hasta que se haya aclarado definitivamente el incidente correspondiente.      <\/p>\n\n\n\n<p>1&#038;1 IONOS: Servicios en el \u00e1mbito del suministro de infraestructura de tecnolog\u00eda de la informaci\u00f3n y servicios relacionados (por ejemplo, espacio de almacenamiento y\/o capacidad inform\u00e1tica); Proveedor de servicios: 1&#038;1 IONOS SE, Elgendorfer Str. 57, 56410 Montabaur, Alemania; Base jur\u00eddica: intereses leg\u00edtimos (Art. 6 P\u00e1rr. 1 S. 1 lit. f) RGPD); Sitio web: https:\/\/www.ionos.de; Declaraci\u00f3n de protecci\u00f3n de datos: https:\/\/www.ionos.de\/terms-gtc\/terms-privacy. Contrato de procesamiento de pedidos: https:\/\/www.ionos.de\/hilfe\/datenschutz\/allgemeine-informationen-zur-datenschutz-grundverordnung-dsgvo\/auftragsverarbeitung\/. Caracter\u00edsticas de la comunidad Las funciones comunitarias que ofrecemos permiten a los usuarios entablar conversaciones u otros intercambios entre s\u00ed. Le pedimos que tenga en cuenta que el uso de las funciones comunitarias solo est\u00e1 permitido de conformidad con la situaci\u00f3n legal aplicable, nuestras condiciones y pautas, as\u00ed como los derechos de otros usuarios y terceros.      <\/p>\n\n\n\n<p>Tipos de datos tratados: datos de uso (por ejemplo, sitios web visitados, inter\u00e9s en el contenido, tiempos de acceso). Metadatos, datos de comunicaci\u00f3n y de procedimiento (por ejemplo, direcciones IP, horas, n\u00fameros de identificaci\u00f3n, estado de consentimiento).      <\/p>\n\n\n\n<p><strong>Personas afectadas:<\/strong> usuarios (por ejemplo, visitantes de sitios web, usuarios de servicios en l\u00ednea).      Finalidades del tratamiento: Prestaci\u00f3n de servicios contractuales y cumplimiento de obligaciones contractuales. Medidas de seguridad.      <\/p>\n\n\n\n<p><strong>Base jur\u00eddica:<\/strong> Cumplimiento del contrato y consultas precontractuales (Art. 6 P\u00e1rr. 1 S. 1 lit. b) DSGVO). M\u00e1s informaci\u00f3n sobre procesos de tramitaci\u00f3n, procedimientos y servicios:      <\/p>\n\n\n\n<p><strong>Derecho a eliminar contenidos e informaci\u00f3n:<\/strong> Despu\u00e9s de una adecuada consideraci\u00f3n, se permite la eliminaci\u00f3n de contribuciones, contenidos o informaci\u00f3n proporcionada por los usuarios en la medida necesaria si existen indicios concretos de que constituyen una violaci\u00f3n de las normas legales, nuestras especificaciones o los derechos de terceros. ; Base jur\u00eddica: Cumplimiento del contrato y consultas precontractuales (Art. 6 P\u00e1rr. 1 S. 1 lit. b) DSGVO). Blogs y medios de publicaci\u00f3n. Utilizamos blogs o medios comparables de comunicaci\u00f3n y publicaci\u00f3n en l\u00ednea (en adelante, \u00abmedio de publicaci\u00f3n\u00bb). Los datos de los lectores se procesan para los fines del medio de publicaci\u00f3n \u00fanicamente en la medida en que sea necesario para su presentaci\u00f3n y la comunicaci\u00f3n entre autores y lectores o por razones de seguridad. Adem\u00e1s, en el contexto de esta pol\u00edtica de protecci\u00f3n de datos nos referimos a la informaci\u00f3n sobre el tratamiento de los visitantes de nuestro medio de publicaci\u00f3n.      <\/p>\n\n\n\n<p><strong>Tipos de datos procesados: <\/strong>datos de inventario (por ejemplo, nombres, direcciones); Informaci\u00f3n de contacto (por ejemplo, correo electr\u00f3nico, n\u00fameros de tel\u00e9fono); Datos de contenido (por ejemplo, entradas en formularios en l\u00ednea); Datos de uso (por ejemplo, sitios web visitados, inter\u00e9s en el contenido, tiempos de acceso). Metadatos, datos de comunicaci\u00f3n y de procedimiento (por ejemplo, direcciones IP, horas, n\u00fameros de identificaci\u00f3n, estado de consentimiento).      <\/p>\n\n\n\n<p><strong>Personas afectadas: <\/strong>usuarios (por ejemplo, visitantes de sitios web, usuarios de servicios en l\u00ednea).      <\/p>\n\n\n\n<p><strong>Fines del procesamiento: <\/strong>prestaci\u00f3n de servicios contractuales y cumplimiento de obligaciones contractuales; Comentarios (por ejemplo, recopilaci\u00f3n de comentarios a trav\u00e9s de un formulario en l\u00ednea); Oferta de nuestra oferta en l\u00ednea y facilidad de uso; Medidas de seguridad. Gesti\u00f3n y respuesta a consultas.      <\/p>\n\n\n\n<p><strong>Base jur\u00eddica:<\/strong> Intereses leg\u00edtimos (Art. 6 p\u00e1rr.. 1 frase 1 letra f) RGPD). M\u00e1s informaci\u00f3n sobre procesos de tramitaci\u00f3n, procedimientos y servicios:     <\/p>\n\n\n\n<p><strong>Comentarios y publicaciones<\/strong>: cuando los usuarios dejan comentarios u otras publicaciones, sus direcciones IP pueden almacenarse en funci\u00f3n de nuestros intereses leg\u00edtimos. Esto es por nuestra seguridad si alguien deja contenido ilegal en comentarios y publicaciones (insultos, propaganda pol\u00edtica prohibida, etc.). En este caso, podemos ser perseguidos por el comentario o contribuci\u00f3n y por lo tanto estamos interesados \u200b\u200ben la identidad del autor.      <\/p>\n\n\n\n<p>Adem\u00e1s, nos reservamos el derecho de procesar la informaci\u00f3n del usuario con el fin de detectar spam en funci\u00f3n de nuestros intereses leg\u00edtimos.      <\/p>\n\n\n\n<p>Sobre la misma base jur\u00eddica, nos reservamos el derecho, en el caso de encuestas, de almacenar las direcciones IP de los usuarios durante la duraci\u00f3n de la encuesta y de utilizar cookies para evitar votaciones m\u00faltiples.      <\/p>\n\n\n\n<p>La informaci\u00f3n personal proporcionada en los comentarios y publicaciones, cualquier informaci\u00f3n de contacto y del sitio web, as\u00ed como el contenido, ser\u00e1 almacenada por nosotros de forma permanente hasta que el usuario se oponga;      <\/p>\n\n\n\n<p><strong>Base jur\u00eddica:<\/strong> Intereses leg\u00edtimos (Art. 6 P\u00e1rr. 1 S. 1 lit. f) RGPD). <\/p>\n\n\n<h2>Gesti\u00f3n de contactos y solicitudes<\/h2>\n\n\n<p>Al ponerse en contacto con nosotros (por ejemplo, por correo postal, formulario de contacto, correo electr\u00f3nico, tel\u00e9fono o a trav\u00e9s de las redes sociales) y en el contexto de las relaciones comerciales y de usuario existentes, los datos de la persona solicitante se procesan en la medida necesaria para responder a la solicitud de contacto y cualquier medida solicitada.      <\/p>\n\n\n\n<p><strong>Tipos de datos procesados:<\/strong> datos de contacto (por ejemplo, correo electr\u00f3nico, n\u00fameros de tel\u00e9fono); Datos de contenido (por ejemplo, entradas en formularios en l\u00ednea); Datos de uso (por ejemplo, sitios web visitados, inter\u00e9s en el contenido, tiempos de acceso). Metadatos, datos de comunicaci\u00f3n y de procedimiento (por ejemplo, direcciones IP, horas, n\u00fameros de identificaci\u00f3n, estado de consentimiento).      <\/p>\n\n\n\n<p><strong>Personas afectadas:<\/strong> interlocutores en la comunicaci\u00f3n.      <\/p>\n\n\n\n<p><strong>Finalidades del tratamiento: <\/strong>solicitudes de contacto y comunicaci\u00f3n; gestionar y responder consultas; Comentarios (por ejemplo, recopilar comentarios a trav\u00e9s de un formulario en l\u00ednea). Oferta de nuestra oferta online y facilidad de uso.      <\/p>\n\n\n\n<p><strong>Base jur\u00eddica:<\/strong> Intereses leg\u00edtimos (Art. 6 P\u00e1rr. 1 S. 1 lit. f) RGPD). Cumplimiento del contrato y consultas precontractuales (Art. 6 P\u00e1rr. 1 S. 1 lit. b) DSGVO). M\u00e1s informaci\u00f3n sobre procesos de tramitaci\u00f3n, procedimientos y servicios:      <\/p>\n\n\n\n<p><strong>Formulario de contacto: <\/strong>Si los usuarios se ponen en contacto con nosotros a trav\u00e9s de nuestro formulario de contacto, correo electr\u00f3nico u otros canales de comunicaci\u00f3n, procesamos los datos que nos comunican en este contexto para procesar la solicitud comunicada; <\/p>\n\n\n\n<p><strong>Base jur\u00eddica:<\/strong> Cumplimiento del contrato y consultas precontractuales (Art. 6 P\u00e1rr. 1 S. 1 lit. b) RGPD), intereses leg\u00edtimos (Art. 6 P\u00e1rr. 1 S. 1 lit. f) RGPD). <\/p>\n\n\n<h2>Cambio y actualizaci\u00f3n de la pol\u00edtica de privacidad<\/h2>\n\n\n<p>Le rogamos que se informe peri\u00f3dicamente sobre el contenido de nuestra declaraci\u00f3n de protecci\u00f3n de datos. Adaptaremos la declaraci\u00f3n de protecci\u00f3n de datos tan pronto como los cambios en el procesamiento de datos que llevamos a cabo lo hagan necesario. Le informaremos tan pronto como los cambios requieran su participaci\u00f3n (por ejemplo, consentimiento) u otra notificaci\u00f3n individual. Si proporcionamos direcciones e informaci\u00f3n de contacto de empresas y organizaciones en esta declaraci\u00f3n de protecci\u00f3n de datos, tenga en cuenta que las direcciones pueden cambiar con el tiempo y le pediremos que verifique la informaci\u00f3n antes de contactarnos. <\/p>\n\n\n<h2>Definici\u00f3n de t\u00e9rminos<\/h2>\n\n\n<p>Esta secci\u00f3n le proporciona una descripci\u00f3n general de los t\u00e9rminos utilizados en esta declaraci\u00f3n de protecci\u00f3n de datos. En la medida en que los t\u00e9rminos est\u00e9n definidos legalmente, se aplican sus definiciones legales. Las siguientes explicaciones, por el contrario, est\u00e1n destinadas principalmente a la comprensi\u00f3n.      <\/p>\n\n\n\n<p>Datos personales: \u00abDatos personales\u00bb significa cualquier informaci\u00f3n relativa a una persona f\u00edsica identificada o identificable (en adelante \u00abtitular de los datos\u00bb); Una persona f\u00edsica identificable es aquella que puede identificarse directa o indirectamente, en particular mediante la asignaci\u00f3n de un identificador como un nombre, un n\u00famero de identificaci\u00f3n, datos de ubicaci\u00f3n, un identificador en l\u00ednea (por ejemplo, una cookie) o una o m\u00e1s caracter\u00edsticas especiales. una expresi\u00f3n de la identidad f\u00edsica, fisiol\u00f3gica, gen\u00e9tica, mental, econ\u00f3mica, cultural o social de esa persona f\u00edsica.      <\/p>\n\n\n\n<p>Responsable: La \u201cpersona responsable\u201d es la persona natural o jur\u00eddica, autoridad, instituci\u00f3n u otro organismo que sola o conjuntamente con otros decide sobre los fines y medios del tratamiento de datos personales.      Procesamiento: \u00abProcesamiento\u00bb es cualquier proceso o serie de procesos realizados con o sin la ayuda de procesos automatizados en relaci\u00f3n con datos personales. El t\u00e9rmino es amplio y abarcat pr\u00e1cticamente cualquier manipulaci\u00f3n de datos, ya sea recopilaci\u00f3n, evaluaci\u00f3n, almacenamiento, transmisi\u00f3n o eliminaci\u00f3n. <\/p>\n\n\n\n<p>Creado con el generador de protecci\u00f3n de datos gratuito.de por el Dr. Thomas Schwenke<\/p>\n","protected":false},"excerpt":{"rendered":"<p>Protecci\u00f3n de Datos Pre\u00e1mbulo Con la siguiente declaraci\u00f3n de protecci\u00f3n de datos nos gustar\u00eda informarle sobre qu\u00e9 tipos de sus datos personales (en lo sucesivo tambi\u00e9n denominados \u00abdatos\u00bb) procesamos, con qu\u00e9 fines y en qu\u00e9 medida. La declaraci\u00f3n de protecci\u00f3n de datos se aplica a todos los tratamientos de datos personales. datos realizados por nosotros, &hellip; <\/p>\n<p class=\"link-more\"><a href=\"https:\/\/amerika-machen.de\/es\/datenschutz\/\" class=\"more-link\">Leer m\u00e1s<span class=\"screen-reader-text\"> \u00abPol\u00edtica de privacidad\u00bb<\/span><\/a><\/p>\n","protected":false},"author":1,"featured_media":0,"parent":0,"menu_order":0,"comment_status":"closed","ping_status":"closed","template":"","meta":{"inspiro_hide_title":false,"footnotes":""},"class_list":["post-117","page","type-page","status-publish","hentry"],"featured_media_urls":[],"_links":{"self":[{"href":"https:\/\/amerika-machen.de\/es\/wp-json\/wp\/v2\/pages\/117","targetHints":{"allow":["GET"]}}],"collection":[{"href":"https:\/\/amerika-machen.de\/es\/wp-json\/wp\/v2\/pages"}],"about":[{"href":"https:\/\/amerika-machen.de\/es\/wp-json\/wp\/v2\/types\/page"}],"author":[{"embeddable":true,"href":"https:\/\/amerika-machen.de\/es\/wp-json\/wp\/v2\/users\/1"}],"replies":[{"embeddable":true,"href":"https:\/\/amerika-machen.de\/es\/wp-json\/wp\/v2\/comments?post=117"}],"version-history":[{"count":8,"href":"https:\/\/amerika-machen.de\/es\/wp-json\/wp\/v2\/pages\/117\/revisions"}],"predecessor-version":[{"id":172,"href":"https:\/\/amerika-machen.de\/es\/wp-json\/wp\/v2\/pages\/117\/revisions\/172"}],"wp:attachment":[{"href":"https:\/\/amerika-machen.de\/es\/wp-json\/wp\/v2\/media?parent=117"}],"curies":[{"name":"wp","href":"https:\/\/api.w.org\/{rel}","templated":true}]}}