{"id":116,"date":"2023-08-25T18:36:02","date_gmt":"2023-08-25T18:36:02","guid":{"rendered":"http:\/\/ctadmin"},"modified":"2023-08-25T21:55:01","modified_gmt":"2023-08-25T21:55:01","slug":"impressum","status":"publish","type":"page","link":"https:\/\/amerika-machen.de\/es\/impressum\/","title":{"rendered":"Pie de imprenta"},"content":{"rendered":"\n<p>Todos los contenidos de este sitio web, en particular textos, fotos y gr\u00e1ficos, est\u00e1n protegidos por derechos de autor. La reproducci\u00f3n, edici\u00f3n, distribuci\u00f3n y cualquier tipo de utilizaci\u00f3n fuera de los l\u00edmites de la legislaci\u00f3n sobre derechos de autor requieren el consentimiento por escrito del autor correspondiente. Si desea utilizar alg\u00fan contenido, p\u00f3ngase en contacto con el operador del sitio. Todo aquel que infrinja los derechos de autor podr\u00e1 ser procesado y deber\u00e1 esperar una amonestaci\u00f3n con costas y reclamaci\u00f3n de da\u00f1os y perjuicios.<\/p>\n\n\n\n<h3>Informaci\u00f3n seg\u00fan \u00a7 5 TMG<\/h3>\n<p>Claus Tully<br>Altes Brauhaus 2<br>97486 K\u00f6nigsberg<\/p>\n<h3>Contacto<\/h3>\n<p>Telefon: +49-163-3788559<br>E-Mail: info@amerika-machen.de<\/p>\n<h3>Editorialmente responsable<\/h3>\n<p>Prof. PD Dr. Claus Tully<br>Altes Brauhaus 2<br>97486 K\u00f6nigsberg in Bayern<\/p>\n\n\n\n<p><\/p>\n","protected":false},"excerpt":{"rendered":"<p>Todos los contenidos de este sitio web, en particular textos, fotos y gr\u00e1ficos, est\u00e1n protegidos por derechos de autor. La reproducci\u00f3n, edici\u00f3n, distribuci\u00f3n y cualquier tipo de utilizaci\u00f3n fuera de los l\u00edmites de la legislaci\u00f3n sobre derechos de autor requieren el consentimiento por escrito del autor correspondiente. Si desea utilizar alg\u00fan contenido, p\u00f3ngase en contacto &hellip; <\/p>\n<p class=\"link-more\"><a href=\"https:\/\/amerika-machen.de\/es\/impressum\/\" class=\"more-link\">Leer m\u00e1s<span class=\"screen-reader-text\"> \u00abPie de imprenta\u00bb<\/span><\/a><\/p>\n","protected":false},"author":1,"featured_media":0,"parent":0,"menu_order":0,"comment_status":"closed","ping_status":"closed","template":"","meta":{"inspiro_hide_title":false,"footnotes":""},"class_list":["post-116","page","type-page","status-publish","hentry"],"featured_media_urls":[],"_links":{"self":[{"href":"https:\/\/amerika-machen.de\/es\/wp-json\/wp\/v2\/pages\/116","targetHints":{"allow":["GET"]}}],"collection":[{"href":"https:\/\/amerika-machen.de\/es\/wp-json\/wp\/v2\/pages"}],"about":[{"href":"https:\/\/amerika-machen.de\/es\/wp-json\/wp\/v2\/types\/page"}],"author":[{"embeddable":true,"href":"https:\/\/amerika-machen.de\/es\/wp-json\/wp\/v2\/users\/1"}],"replies":[{"embeddable":true,"href":"https:\/\/amerika-machen.de\/es\/wp-json\/wp\/v2\/comments?post=116"}],"version-history":[{"count":4,"href":"https:\/\/amerika-machen.de\/es\/wp-json\/wp\/v2\/pages\/116\/revisions"}],"predecessor-version":[{"id":161,"href":"https:\/\/amerika-machen.de\/es\/wp-json\/wp\/v2\/pages\/116\/revisions\/161"}],"wp:attachment":[{"href":"https:\/\/amerika-machen.de\/es\/wp-json\/wp\/v2\/media?parent=116"}],"curies":[{"name":"wp","href":"https:\/\/api.w.org\/{rel}","templated":true}]}}